{"id":11,"date":"2022-01-05T13:46:09","date_gmt":"2022-01-05T13:46:09","guid":{"rendered":"https:\/\/fumizz.cl\/index.php\/carrito\/"},"modified":"2023-01-05T20:15:30","modified_gmt":"2023-01-05T20:15:30","slug":"carrito","status":"publish","type":"page","link":"https:\/\/fumizz.cl\/index.php\/carrito\/","title":{"rendered":"Carrito"},"content":{"rendered":"\t\t<div data-elementor-type=\"wp-page\" data-elementor-id=\"11\" class=\"elementor elementor-11\" data-elementor-post-type=\"page\">\n\t\t\t\t\t\t<section class=\"elementor-section elementor-top-section elementor-element elementor-element-59abfd8a elementor-section-boxed elementor-section-height-default elementor-section-height-default\" data-id=\"59abfd8a\" data-element_type=\"section\" data-e-type=\"section\" data-settings=\"{&quot;jet_parallax_layout_list&quot;:[]}\">\n\t\t\t\t\t\t<div class=\"elementor-container elementor-column-gap-default\">\n\t\t\t\t\t<div class=\"elementor-column elementor-col-100 elementor-top-column elementor-element elementor-element-23991785\" data-id=\"23991785\" data-element_type=\"column\" data-e-type=\"column\">\n\t\t\t<div class=\"elementor-widget-wrap\">\n\t\t\t\t\t\t\t<\/div>\n\t\t<\/div>\n\t\t\t\t\t<\/div>\n\t\t<\/section>\n\t\t\t\t<section class=\"elementor-section elementor-top-section elementor-element elementor-element-2326415 elementor-section-boxed elementor-section-height-default elementor-section-height-default\" data-id=\"2326415\" data-element_type=\"section\" data-e-type=\"section\" data-settings=\"{&quot;jet_parallax_layout_list&quot;:[]}\">\n\t\t\t\t\t\t<div class=\"elementor-container elementor-column-gap-default\">\n\t\t\t\t\t<div class=\"elementor-column elementor-col-100 elementor-top-column elementor-element elementor-element-0034065\" data-id=\"0034065\" data-element_type=\"column\" data-e-type=\"column\">\n\t\t\t<div class=\"elementor-widget-wrap elementor-element-populated\">\n\t\t\t\t\t\t\t<\/div>\n\t\t<\/div>\n\t\t\t\t\t<\/div>\n\t\t<\/section>\n\t\t\t\t<\/div>\n\t\t","protected":false},"excerpt":{"rendered":"<p>Eliminar art\u00edculo Imagen en miniatura Producto Precio Cantidad Subtotal &times; Poler\u00f3n Canguro Unisex De Ni\u00f1o &#8211; Amarillo Tallas: 02 $7.500 Poler\u00f3n Canguro Unisex De Ni\u00f1o &#8211; Amarillo cantidad $7.500 Actualizar el carrito Totales del carrito Subtotal $7.500 Env\u00edo Santiago: $5.000 Enviar a Gran Avenida 6552 local 67 La Cisterna, Regi\u00f3n Metropolitana de Santiago, Colina. Cambiar [&hellip;]<\/p>\n","protected":false},"author":1,"featured_media":0,"parent":0,"menu_order":0,"comment_status":"closed","ping_status":"closed","template":"","meta":{"footnotes":""},"class_list":["post-11","page","type-page","status-publish","hentry"],"_links":{"self":[{"href":"https:\/\/fumizz.cl\/index.php\/wp-json\/wp\/v2\/pages\/11","targetHints":{"allow":["GET"]}}],"collection":[{"href":"https:\/\/fumizz.cl\/index.php\/wp-json\/wp\/v2\/pages"}],"about":[{"href":"https:\/\/fumizz.cl\/index.php\/wp-json\/wp\/v2\/types\/page"}],"author":[{"embeddable":true,"href":"https:\/\/fumizz.cl\/index.php\/wp-json\/wp\/v2\/users\/1"}],"replies":[{"embeddable":true,"href":"https:\/\/fumizz.cl\/index.php\/wp-json\/wp\/v2\/comments?post=11"}],"version-history":[{"count":24,"href":"https:\/\/fumizz.cl\/index.php\/wp-json\/wp\/v2\/pages\/11\/revisions"}],"predecessor-version":[{"id":2971,"href":"https:\/\/fumizz.cl\/index.php\/wp-json\/wp\/v2\/pages\/11\/revisions\/2971"}],"wp:attachment":[{"href":"https:\/\/fumizz.cl\/index.php\/wp-json\/wp\/v2\/media?parent=11"}],"curies":[{"name":"wp","href":"https:\/\/api.w.org\/{rel}","templated":true}]}}